{"id":230532,"date":"2022-10-18T08:15:56","date_gmt":"2022-10-18T08:15:56","guid":{"rendered":"https:\/\/sweetstorystudios.com\/galerie-de-mariage-a-montreal\/"},"modified":"2023-07-14T07:01:50","modified_gmt":"2023-07-14T07:01:50","slug":"galerie-de-photo","status":"publish","type":"page","link":"https:\/\/sweetstorystudios.com\/fr\/galerie-de-photo\/","title":{"rendered":"Galerie de mariage \u00e0 Montr\u00e9al"},"content":{"rendered":"<p>[et_pb_section fb_built=&#8221;1&#8243; admin_label=&#8221;Gallery&#8221; _builder_version=&#8221;4.18.0&#8243; background_enable_color=&#8221;off&#8221; use_background_color_gradient=&#8221;on&#8221; background_color_gradient_stops=&#8221;rgba(255,255,255,0.9) 0%|rgba(255,255,255,0.9) 100%&#8221; background_color_gradient_overlays_image=&#8221;on&#8221; background_color_gradient_start=&#8221;rgba(255,255,255,0.9)&#8221; background_color_gradient_end=&#8221;rgba(255,255,255,0.9)&#8221; background_image=&#8221;https:\/\/sweetstorystudios.com\/wp-content\/uploads\/2022\/10\/wedding-photographer-montreal.jpg&#8221; background_size=&#8221;contain&#8221; custom_margin=&#8221;0%||0%||true|false&#8221; custom_padding=&#8221;||||true|false&#8221; saved_tabs=&#8221;all&#8221; locked=&#8221;off&#8221; global_colors_info=&#8221;{}&#8221;][et_pb_row column_structure=&#8221;3_5,2_5&#8243; _builder_version=&#8221;4.16&#8243; custom_padding=&#8221;0px||||false|false&#8221; global_colors_info=&#8221;{}&#8221;][et_pb_column type=&#8221;3_5&#8243; _builder_version=&#8221;4.16&#8243; global_colors_info=&#8221;{}&#8221;][et_pb_image src=&#8221;https:\/\/sweetstorystudios.com\/wp-content\/uploads\/2022\/10\/wedding-photograhy-gallery-1.jpg&#8221; title_text=&#8221;galerie de photos de mariage (1)&#8221; show_in_lightbox=&#8221;on&#8221; disabled_on=&#8221;on|on|off&#8221; _builder_version=&#8221;4.19.2&#8243; max_height_tablet=&#8221;400px&#8221; max_height_phone=&#8221;&#8221; max_height_last_edited=&#8221;on|tablet&#8221; global_colors_info=&#8221;{}&#8221;][\/et_pb_image][\/et_pb_column][et_pb_column type=&#8221;2_5&#8243; _builder_version=&#8221;4.16&#8243; custom_padding=&#8221;100px||||false|false&#8221; custom_padding_tablet=&#8221;30px||||false|false&#8221; custom_padding_phone=&#8221;0px||||false|false&#8221; custom_padding_last_edited=&#8221;on|phone&#8221; global_colors_info=&#8221;{}&#8221;][et_pb_text _builder_version=&#8221;4.21.0&#8243; _module_preset=&#8221;default&#8221; text_font_size=&#8221;14px&#8221; header_text_align=&#8221;center&#8221; header_2_text_align=&#8221;center&#8221; header_2_font_size=&#8221;37px&#8221; text_orientation=&#8221;center&#8221; hover_enabled=&#8221;0&#8243; header_font_size_tablet=&#8221;&#8221; header_font_size_phone=&#8221;15px&#8221; header_font_size_last_edited=&#8221;on|phone&#8221; global_colors_info=&#8221;{}&#8221; sticky_enabled=&#8221;0&#8243;]<\/p>\n<h1 style=\"font-size: 37px;\">Galerie<\/h1>\n<p class=\"se-t sie-header_17-text st-m-heading st-d-heading se-rc\"><span><\/span><\/p>\n<p class=\"se-t sie-header_17-text st-m-heading st-d-heading se-rc\"><span>Cliquez sur la galerie que vous voulez voir<\/span><\/p>\n<p>[\/et_pb_text][et_pb_button button_url=&#8221;@ET-DC@eyJkeW5hbWljIjp0cnVlLCJjb250ZW50IjoicG9zdF9saW5rX3VybF9wYWdlIiwic2V0dGluZ3MiOnsicG9zdF9pZCI6IjIzMDIwMSJ9fQ==@&#8221; button_text=&#8221;Nos Mari\u00e9es&#8221; button_alignment=&#8221;center&#8221; _builder_version=&#8221;4.19.2&#8243; _dynamic_attributes=&#8221;button_url&#8221; _module_preset=&#8221;default&#8221; custom_padding=&#8221;3%||3%||true|true&#8221; custom_css_main_element=&#8221;width: 100%;&#8221; global_module=&#8221;230205&#8243; saved_tabs=&#8221;all&#8221; global_colors_info=&#8221;{}&#8221;][\/et_pb_button][et_pb_button button_url=&#8221;@ET-DC@eyJkeW5hbWljIjp0cnVlLCJjb250ZW50IjoicG9zdF9saW5rX3VybF9wYWdlIiwic2V0dGluZ3MiOnsicG9zdF9pZCI6IjIzMDIyOCJ9fQ==@&#8221; button_text=&#8221;Nos Mari\u00e9s&#8221; button_alignment=&#8221;center&#8221; _builder_version=&#8221;4.19.2&#8243; _dynamic_attributes=&#8221;button_url&#8221; _module_preset=&#8221;default&#8221; custom_padding=&#8221;3%|30%|3%|30%|true|true&#8221; custom_css_main_element=&#8221;width: 100%;&#8221; global_module=&#8221;230206&#8243; saved_tabs=&#8221;all&#8221; global_colors_info=&#8221;{}&#8221;][\/et_pb_button][et_pb_button button_url=&#8221;@ET-DC@eyJkeW5hbWljIjp0cnVlLCJjb250ZW50IjoicG9zdF9saW5rX3VybF9wYWdlIiwic2V0dGluZ3MiOnsicG9zdF9pZCI6IjIzMDIzMSJ9fQ==@&#8221; button_text=&#8221;S\u00e9ance Photo&#8221; button_alignment=&#8221;center&#8221; button_text_tablet=&#8221;S\u00e9ance Photo&#8221; button_text_phone=&#8221;S\u00e9ance Photo&#8221; button_text_last_edited=&#8221;on|phone&#8221; _builder_version=&#8221;4.19.2&#8243; _dynamic_attributes=&#8221;button_url&#8221; _module_preset=&#8221;default&#8221; custom_padding=&#8221;3%|30%|3%|30%|true|true&#8221; custom_css_main_element=&#8221;width: 100%;&#8221; global_module=&#8221;230207&#8243; saved_tabs=&#8221;all&#8221; global_colors_info=&#8221;{}&#8221;][\/et_pb_button][et_pb_button button_url=&#8221;@ET-DC@eyJkeW5hbWljIjp0cnVlLCJjb250ZW50IjoicG9zdF9saW5rX3VybF9wYWdlIiwic2V0dGluZ3MiOnsicG9zdF9pZCI6IjIzMDIzNiJ9fQ==@&#8221; button_text=&#8221;C\u00e9r\u00e9monie&#8221; button_alignment=&#8221;center&#8221; _builder_version=&#8221;4.19.2&#8243; _dynamic_attributes=&#8221;button_url&#8221; _module_preset=&#8221;default&#8221; custom_padding=&#8221;3%|30%|3%|30%|true|true&#8221; custom_css_main_element=&#8221;width: 100%;&#8221; global_module=&#8221;230209&#8243; saved_tabs=&#8221;all&#8221; global_colors_info=&#8221;{}&#8221;][\/et_pb_button][et_pb_button button_url=&#8221;@ET-DC@eyJkeW5hbWljIjp0cnVlLCJjb250ZW50IjoicG9zdF9saW5rX3VybF9wYWdlIiwic2V0dGluZ3MiOnsicG9zdF9pZCI6IjIzMDI0MiJ9fQ==@&#8221; button_text=&#8221;R\u00e9ception&#8221; button_alignment=&#8221;center&#8221; _builder_version=&#8221;4.19.2&#8243; _dynamic_attributes=&#8221;button_url&#8221; _module_preset=&#8221;default&#8221; custom_padding=&#8221;3%|30%|3%|30%|true|true&#8221; custom_css_main_element=&#8221;width: 100%;&#8221; global_module=&#8221;230246&#8243; saved_tabs=&#8221;all&#8221; global_colors_info=&#8221;{}&#8221;][\/et_pb_button][et_pb_image src=&#8221;https:\/\/sweetstorystudios.com\/wp-content\/uploads\/2022\/10\/wedding-photograhy-gallery.jpg&#8221; title_text=&#8221;galerie de photos de mariage&#8221; show_in_lightbox=&#8221;on&#8221; disabled_on=&#8221;on|on|off&#8221; _builder_version=&#8221;4.19.2&#8243; width_tablet=&#8221;100%&#8221; width_phone=&#8221;100%&#8221; width_last_edited=&#8221;on|phone&#8221; max_width_tablet=&#8221;400px&#8221; max_width_phone=&#8221;250px&#8221; max_width_last_edited=&#8221;off|desktop&#8221; custom_margin=&#8221;12%||||false|false&#8221; custom_margin_tablet=&#8221;|||0px|false|false&#8221; custom_margin_phone=&#8221;&#8221; custom_margin_last_edited=&#8221;on|tablet&#8221; locked=&#8221;off&#8221; global_colors_info=&#8221;{}&#8221;][\/et_pb_image][et_pb_image src=&#8221;https:\/\/sweetstorystudios.com\/wp-content\/uploads\/2022\/10\/wedding-photograhy-gallery-2.jpg&#8221; title_text=&#8221;galerie de photos de mariage (2)&#8221; show_in_lightbox=&#8221;on&#8221; align_tablet=&#8221;left&#8221; align_last_edited=&#8221;off|desktop&#8221; disabled_on=&#8221;on|on|off&#8221; _builder_version=&#8221;4.19.2&#8243; width=&#8221;380px&#8221; custom_margin=&#8221;-85%|||-56%|false|false&#8221; custom_margin_tablet=&#8221;0vw|||0%|false|false&#8221; custom_margin_phone=&#8221;&#8221; custom_margin_last_edited=&#8221;on|phone&#8221; border_width_all=&#8221;20px&#8221; border_color_all=&#8221;#ffffff&#8221; border_width_all_tablet=&#8221;0px&#8221; border_width_all_phone=&#8221;&#8221; border_width_all_last_edited=&#8221;on|phone&#8221; locked=&#8221;off&#8221; global_colors_info=&#8221;{}&#8221;][\/et_pb_image][\/et_pb_column][\/et_pb_row][\/et_pb_section]<\/p>\n","protected":false},"excerpt":{"rendered":"<p>Galerie Cliquez sur la galerie que vous voulez voir<\/p>\n","protected":false},"author":8,"featured_media":0,"parent":0,"menu_order":0,"comment_status":"closed","ping_status":"closed","template":"","meta":{"_et_pb_use_builder":"on","_et_pb_old_content":"","_et_gb_content_width":"","footnotes":""},"class_list":["post-230532","page","type-page","status-publish","hentry"],"_links":{"self":[{"href":"https:\/\/sweetstorystudios.com\/fr\/wp-json\/wp\/v2\/pages\/230532","targetHints":{"allow":["GET"]}}],"collection":[{"href":"https:\/\/sweetstorystudios.com\/fr\/wp-json\/wp\/v2\/pages"}],"about":[{"href":"https:\/\/sweetstorystudios.com\/fr\/wp-json\/wp\/v2\/types\/page"}],"author":[{"embeddable":true,"href":"https:\/\/sweetstorystudios.com\/fr\/wp-json\/wp\/v2\/users\/8"}],"replies":[{"embeddable":true,"href":"https:\/\/sweetstorystudios.com\/fr\/wp-json\/wp\/v2\/comments?post=230532"}],"version-history":[{"count":13,"href":"https:\/\/sweetstorystudios.com\/fr\/wp-json\/wp\/v2\/pages\/230532\/revisions"}],"predecessor-version":[{"id":230834,"href":"https:\/\/sweetstorystudios.com\/fr\/wp-json\/wp\/v2\/pages\/230532\/revisions\/230834"}],"wp:attachment":[{"href":"https:\/\/sweetstorystudios.com\/fr\/wp-json\/wp\/v2\/media?parent=230532"}],"curies":[{"name":"wp","href":"https:\/\/api.w.org\/{rel}","templated":true}]}}